{"id":506,"date":"2020-02-11T14:21:56","date_gmt":"2020-02-11T13:21:56","guid":{"rendered":"http:\/\/fonderie-gardechoise.fr\/?page_id=506"},"modified":"2022-07-07T14:44:20","modified_gmt":"2022-07-07T12:44:20","slug":"techniques","status":"publish","type":"page","link":"http:\/\/fonderie-gardechoise.fr\/index.php\/techniques\/","title":{"rendered":"Techniques"},"content":{"rendered":"\n<hr class=\"wp-block-separator\"\/>\n\n\n\n<hr class=\"wp-block-separator\"\/>\n\n\n\n<p class=\"has-text-align-center\">Il existe trois diff\u00e9rentes fa\u00e7ons d&#8217;obtenir un bronze. La fonderie au sable va permettre de reproduire une pi\u00e8ce \u00e0 partir d&#8217;un mod\u00e8le comportant des d\u00e9pouilles importantes. La cire directe est sculpt\u00e9e puis fondue pour obtenir une pi\u00e8ce unique. Enfin les \u00e9lastom\u00e8res permettent de reproduire une pi\u00e8ce de forme complexe plusieurs fois.<\/p>\n\n\n\n<h2>Les \u00e9lastom\u00e8res<\/h2>\n\n\n\n<p>Un \u00e9lastom\u00e8re en silicone peut \u00eatre r\u00e9alis\u00e9 de deux fa\u00e7ons diff\u00e9rentes:<\/p>\n\n\n\n<ul><li>Coul\u00e9 sous chape.<\/li><li>Appliqu\u00e9 au pinceau sur le mod\u00e8le.<\/li><\/ul>\n\n\n\n<div class=\"wp-block-image\"><figure class=\"aligncenter size-large is-resized\"><img src=\"http:\/\/fonderie-gardechoise.fr\/wp-content\/uploads\/2020\/02\/cheval-chape.jpg\" alt=\"\" class=\"wp-image-536\" width=\"500\" srcset=\"http:\/\/fonderie-gardechoise.fr\/wp-content\/uploads\/2020\/02\/cheval-chape.jpg 640w, http:\/\/fonderie-gardechoise.fr\/wp-content\/uploads\/2020\/02\/cheval-chape-300x224.jpg 300w\" sizes=\"(max-width: 640px) 100vw, 640px\" \/><figcaption>Moule de reproduction coul\u00e9 sous chape<\/figcaption><\/figure><\/div>\n\n\n\n<div class=\"wp-block-image\"><figure class=\"aligncenter size-large is-resized\"><img src=\"http:\/\/fonderie-gardechoise.fr\/wp-content\/uploads\/2022\/07\/20220115_152456.jpg\" alt=\"\" class=\"wp-image-864\" width=\"500\" srcset=\"http:\/\/fonderie-gardechoise.fr\/wp-content\/uploads\/2022\/07\/20220115_152456.jpg 600w, http:\/\/fonderie-gardechoise.fr\/wp-content\/uploads\/2022\/07\/20220115_152456-225x300.jpg 225w\" sizes=\"(max-width: 600px) 100vw, 600px\" \/><figcaption>Coul\u00e9e sous chape<\/figcaption><\/figure><\/div>\n\n\n\n<h2>Les chapes<\/h2>\n\n\n\n<p>Les chapes permettent de maintenir l&#8217;\u00e9lastom\u00e8re en place afin que ses plans de joint se correspondent. On am\u00e9nage des clefs dans le silicone qui se logeront dans la chape. <\/p>\n\n\n\n<div class=\"wp-block-image\"><figure class=\"aligncenter size-large is-resized\"><img src=\"http:\/\/fonderie-gardechoise.fr\/wp-content\/uploads\/2021\/02\/20201211_113248-1024x768.jpg\" alt=\"\" class=\"wp-image-767\" width=\"500\" srcset=\"http:\/\/fonderie-gardechoise.fr\/wp-content\/uploads\/2021\/02\/20201211_113248-1024x768.jpg 1024w, http:\/\/fonderie-gardechoise.fr\/wp-content\/uploads\/2021\/02\/20201211_113248-300x225.jpg 300w, http:\/\/fonderie-gardechoise.fr\/wp-content\/uploads\/2021\/02\/20201211_113248-768x576.jpg 768w, http:\/\/fonderie-gardechoise.fr\/wp-content\/uploads\/2021\/02\/20201211_113248-1536x1152.jpg 1536w, http:\/\/fonderie-gardechoise.fr\/wp-content\/uploads\/2021\/02\/20201211_113248-2048x1536.jpg 2048w\" sizes=\"(max-width: 1024px) 100vw, 1024px\" \/><figcaption>Pr\u00e9paration en plastiline pour fabriquer la chape en pl\u00e2tre sur silicone appliqu\u00e9 au pinceau<\/figcaption><\/figure><\/div>\n\n\n\n<h2>Le pl\u00e2tre<\/h2>\n\n\n\n<p>\u00c9l\u00e9ment indispensable, le pl\u00e2tre permettra la r\u00e9alisation de chapes. On le compl\u00e9tera de r\u00e9fractaire pour r\u00e9aliser des moules de pot\u00e9es.<\/p>\n\n\n\n<div class=\"wp-block-image\"><figure class=\"aligncenter size-large is-resized\"><img src=\"http:\/\/fonderie-gardechoise.fr\/wp-content\/uploads\/2020\/02\/platre-1.jpg\" alt=\"\" class=\"wp-image-338\" width=\"400\" srcset=\"http:\/\/fonderie-gardechoise.fr\/wp-content\/uploads\/2020\/02\/platre-1.jpg 800w, http:\/\/fonderie-gardechoise.fr\/wp-content\/uploads\/2020\/02\/platre-1-300x225.jpg 300w, http:\/\/fonderie-gardechoise.fr\/wp-content\/uploads\/2020\/02\/platre-1-768x576.jpg 768w, http:\/\/fonderie-gardechoise.fr\/wp-content\/uploads\/2020\/02\/platre-1-150x113.jpg 150w, http:\/\/fonderie-gardechoise.fr\/wp-content\/uploads\/2020\/02\/platre-1-400x300.jpg 400w\" sizes=\"(max-width: 800px) 100vw, 800px\" \/><\/figure><\/div>\n\n\n\n<div class=\"wp-block-image\"><figure class=\"aligncenter size-large is-resized\"><img src=\"http:\/\/fonderie-gardechoise.fr\/wp-content\/uploads\/2020\/03\/20200110_191107.jpg\" alt=\"\" class=\"wp-image-693\" width=\"400\" srcset=\"http:\/\/fonderie-gardechoise.fr\/wp-content\/uploads\/2020\/03\/20200110_191107.jpg 480w, http:\/\/fonderie-gardechoise.fr\/wp-content\/uploads\/2020\/03\/20200110_191107-225x300.jpg 225w\" sizes=\"(max-width: 480px) 100vw, 480px\" \/><figcaption>Chape<\/figcaption><\/figure><\/div>\n\n\n\n<h2>Les r\u00e9fractaires<\/h2>\n\n\n\n<p>Les produits r\u00e9fractaires rentrent dans la composition du pl\u00e2tre pour la r\u00e9alisation des moules de pot\u00e9es ou cylindres qui seront ensuite expos\u00e9s  \u00e0 des temp\u00e9ratures \u00e9lev\u00e9es.<\/p>\n\n\n\n<div class=\"wp-block-image\"><figure class=\"aligncenter size-large is-resized\"><img src=\"http:\/\/fonderie-gardechoise.fr\/wp-content\/uploads\/2020\/02\/pistolet.jpg\" alt=\"\" class=\"wp-image-538\" width=\"500\" srcset=\"http:\/\/fonderie-gardechoise.fr\/wp-content\/uploads\/2020\/02\/pistolet.jpg 800w, http:\/\/fonderie-gardechoise.fr\/wp-content\/uploads\/2020\/02\/pistolet-300x278.jpg 300w, http:\/\/fonderie-gardechoise.fr\/wp-content\/uploads\/2020\/02\/pistolet-768x710.jpg 768w\" sizes=\"(max-width: 800px) 100vw, 800px\" \/><figcaption>Application du r\u00e9fractaire au pistolet<\/figcaption><\/figure><\/div>\n\n\n\n<hr class=\"wp-block-separator\"\/>\n\n\n\n<div class=\"wp-block-image\"><figure class=\"aligncenter size-large is-resized\"><img src=\"http:\/\/fonderie-gardechoise.fr\/wp-content\/uploads\/2021\/02\/20200409_172533-1024x576.jpg\" alt=\"\" class=\"wp-image-771\" width=\"500\" srcset=\"http:\/\/fonderie-gardechoise.fr\/wp-content\/uploads\/2021\/02\/20200409_172533-1024x576.jpg 1024w, http:\/\/fonderie-gardechoise.fr\/wp-content\/uploads\/2021\/02\/20200409_172533-300x169.jpg 300w, http:\/\/fonderie-gardechoise.fr\/wp-content\/uploads\/2021\/02\/20200409_172533-768x432.jpg 768w, http:\/\/fonderie-gardechoise.fr\/wp-content\/uploads\/2021\/02\/20200409_172533-1536x864.jpg 1536w, http:\/\/fonderie-gardechoise.fr\/wp-content\/uploads\/2021\/02\/20200409_172533-2048x1152.jpg 2048w\" sizes=\"(max-width: 1024px) 100vw, 1024px\" \/><figcaption>Moules de pot\u00e9es<\/figcaption><\/figure><\/div>\n\n\n\n<h2>Les cires<\/h2>\n\n\n\n<p>La cire va donner l&#8217;apparence finale au bronze. Elle permettra de r\u00e9v\u00e9ler les moindres d\u00e9tails. On l&#8217;utilisera \u00e9galement pour cr\u00e9er des canalisations appel\u00e9s aussi artifices, jets de coul\u00e9es ou \u00e9vents, permettant l&#8217;apport du m\u00e9tal et l\u2019\u00e9vacuation des gaz lors de la coul\u00e9e.<\/p>\n\n\n\n<div class=\"wp-block-image\"><figure class=\"aligncenter size-large is-resized\"><img src=\"http:\/\/fonderie-gardechoise.fr\/wp-content\/uploads\/2021\/02\/20200427_135102-1024x576.jpg\" alt=\"\" class=\"wp-image-770\" width=\"500\" srcset=\"http:\/\/fonderie-gardechoise.fr\/wp-content\/uploads\/2021\/02\/20200427_135102-1024x576.jpg 1024w, http:\/\/fonderie-gardechoise.fr\/wp-content\/uploads\/2021\/02\/20200427_135102-300x169.jpg 300w, http:\/\/fonderie-gardechoise.fr\/wp-content\/uploads\/2021\/02\/20200427_135102-768x432.jpg 768w, http:\/\/fonderie-gardechoise.fr\/wp-content\/uploads\/2021\/02\/20200427_135102-1536x864.jpg 1536w, http:\/\/fonderie-gardechoise.fr\/wp-content\/uploads\/2021\/02\/20200427_135102-2048x1152.jpg 2048w\" sizes=\"(max-width: 1024px) 100vw, 1024px\" \/><figcaption>Ouverture de la chape apr\u00e8s la coul\u00e9e du noyau<\/figcaption><\/figure><\/div>\n\n\n\n<div class=\"wp-block-image\"><figure class=\"aligncenter size-large is-resized\"><img src=\"http:\/\/fonderie-gardechoise.fr\/wp-content\/uploads\/2021\/02\/20201122_153810-1024x768.jpg\" alt=\"\" class=\"wp-image-773\" width=\"500\" srcset=\"http:\/\/fonderie-gardechoise.fr\/wp-content\/uploads\/2021\/02\/20201122_153810-1024x768.jpg 1024w, http:\/\/fonderie-gardechoise.fr\/wp-content\/uploads\/2021\/02\/20201122_153810-300x225.jpg 300w, http:\/\/fonderie-gardechoise.fr\/wp-content\/uploads\/2021\/02\/20201122_153810-768x576.jpg 768w, http:\/\/fonderie-gardechoise.fr\/wp-content\/uploads\/2021\/02\/20201122_153810-1536x1152.jpg 1536w, http:\/\/fonderie-gardechoise.fr\/wp-content\/uploads\/2021\/02\/20201122_153810-2048x1536.jpg 2048w\" sizes=\"(max-width: 1024px) 100vw, 1024px\" \/><figcaption>Montage des artifices<\/figcaption><\/figure><\/div>\n\n\n\n<div class=\"wp-block-image\"><figure class=\"aligncenter size-large is-resized\"><img src=\"http:\/\/fonderie-gardechoise.fr\/wp-content\/uploads\/2021\/09\/20210417_171756-768x1024.jpg\" alt=\"\" class=\"wp-image-817\" width=\"500\" srcset=\"http:\/\/fonderie-gardechoise.fr\/wp-content\/uploads\/2021\/09\/20210417_171756-768x1024.jpg 768w, http:\/\/fonderie-gardechoise.fr\/wp-content\/uploads\/2021\/09\/20210417_171756-225x300.jpg 225w, http:\/\/fonderie-gardechoise.fr\/wp-content\/uploads\/2021\/09\/20210417_171756.jpg 1024w\" sizes=\"(max-width: 768px) 100vw, 768px\" \/><\/figure><\/div>\n\n\n\n<h2>Le sable de fonderie<\/h2>\n\n\n\n<p>Le sable de fonderie est mis en \u0153uvre \u00e0 l&#8217;aide d&#8217;un ch\u00e2ssis en bois ou en acier. Le sable est tass\u00e9 contre le mod\u00e8le qui sera ensuite retir\u00e9.<\/p>\n\n\n\n<div class=\"wp-block-image\"><figure class=\"aligncenter size-large is-resized\"><img loading=\"lazy\" src=\"http:\/\/fonderie-gardechoise.fr\/wp-content\/uploads\/2020\/02\/20190908_120110.jpg\" alt=\"\" class=\"wp-image-543\" width=\"400\" height=\"533\" srcset=\"http:\/\/fonderie-gardechoise.fr\/wp-content\/uploads\/2020\/02\/20190908_120110.jpg 480w, http:\/\/fonderie-gardechoise.fr\/wp-content\/uploads\/2020\/02\/20190908_120110-225x300.jpg 225w\" sizes=\"(max-width: 400px) 100vw, 400px\" \/><figcaption>Chassis de fonderie au sable<\/figcaption><\/figure><\/div>\n\n\n\n<hr class=\"wp-block-separator\"\/>\n\n\n\n<h2>La cuisson<\/h2>\n\n\n\n<p>Les moules de pot\u00e9es vont \u00eatre d\u00e9cir\u00e9s avant leur cuisson afin d\u2019\u00e9vacuer la cire contenue dans les moules. Nous utilisons un four sp\u00e9cial d\u00e9cirage pour les petits moules. <\/p>\n\n\n\n<div class=\"wp-block-image\"><figure class=\"aligncenter size-large is-resized\"><img src=\"http:\/\/fonderie-gardechoise.fr\/wp-content\/uploads\/2020\/03\/decirage.jpg\" alt=\"\" class=\"wp-image-699\" width=\"500\" srcset=\"http:\/\/fonderie-gardechoise.fr\/wp-content\/uploads\/2020\/03\/decirage.jpg 640w, http:\/\/fonderie-gardechoise.fr\/wp-content\/uploads\/2020\/03\/decirage-300x225.jpg 300w\" sizes=\"(max-width: 640px) 100vw, 640px\" \/><figcaption>Four de d\u00e9cirage<\/figcaption><\/figure><\/div>\n\n\n\n<p>Les moules de pot\u00e9es sont ensuite d\u00e9pos\u00e9s dans le bac a sable puis compl\u00e9tement entour\u00e9 de sable pour maintenir leur temp\u00e9rature constante et \u00e9galement palier aux accidents de fracturations de moules lors de la coul\u00e9e.<\/p>\n\n\n\n<div class=\"wp-block-image\"><figure class=\"aligncenter size-large is-resized\"><img src=\"http:\/\/fonderie-gardechoise.fr\/wp-content\/uploads\/2021\/09\/20210818_101250.jpg\" alt=\"\" class=\"wp-image-811\" width=\"500\" srcset=\"http:\/\/fonderie-gardechoise.fr\/wp-content\/uploads\/2021\/09\/20210818_101250.jpg 1024w, http:\/\/fonderie-gardechoise.fr\/wp-content\/uploads\/2021\/09\/20210818_101250-300x225.jpg 300w, http:\/\/fonderie-gardechoise.fr\/wp-content\/uploads\/2021\/09\/20210818_101250-768x576.jpg 768w\" sizes=\"(max-width: 1024px) 100vw, 1024px\" \/><\/figure><\/div>\n\n\n\n<h2>La fusion<\/h2>\n\n\n\n<p>Apr\u00e8s de longues heures de cuisson c&#8217;est le moment de couler le bronze. Les moules sont de pr\u00e9f\u00e9rence coul\u00e9s encore chaud. <\/p>\n\n\n\n<div class=\"wp-block-image\"><figure class=\"aligncenter size-full is-resized\"><img src=\"http:\/\/fonderie-gardechoise.fr\/wp-content\/uploads\/2020\/03\/coulee-2.jpg\" alt=\"\" class=\"wp-image-701\" width=\"500\" srcset=\"http:\/\/fonderie-gardechoise.fr\/wp-content\/uploads\/2020\/03\/coulee-2.jpg 567w, http:\/\/fonderie-gardechoise.fr\/wp-content\/uploads\/2020\/03\/coulee-2-200x300.jpg 200w\" sizes=\"(max-width: 567px) 100vw, 567px\" \/><\/figure><\/div>\n\n\n\n<div class=\"wp-block-image\"><figure class=\"aligncenter size-large is-resized\"><img src=\"http:\/\/fonderie-gardechoise.fr\/wp-content\/uploads\/2022\/07\/20211118_153341.jpg\" alt=\"\" class=\"wp-image-859\" width=\"500\" srcset=\"http:\/\/fonderie-gardechoise.fr\/wp-content\/uploads\/2022\/07\/20211118_153341.jpg 800w, http:\/\/fonderie-gardechoise.fr\/wp-content\/uploads\/2022\/07\/20211118_153341-300x225.jpg 300w, http:\/\/fonderie-gardechoise.fr\/wp-content\/uploads\/2022\/07\/20211118_153341-768x576.jpg 768w\" sizes=\"(max-width: 800px) 100vw, 800px\" \/><\/figure><\/div>\n\n\n\n<p>La technique des moules carapaces permet de diminuer les temps de cuisson<\/p>\n\n\n\n<p><\/p>\n\n\n\n<h2>Les bruts de fonderie<\/h2>\n\n\n\n<div class=\"wp-block-image\"><figure class=\"aligncenter size-full is-resized\"><img src=\"http:\/\/fonderie-gardechoise.fr\/wp-content\/uploads\/2021\/09\/20210502_160627.jpg\" alt=\"\" class=\"wp-image-812\" width=\"500\" srcset=\"http:\/\/fonderie-gardechoise.fr\/wp-content\/uploads\/2021\/09\/20210502_160627.jpg 1024w, http:\/\/fonderie-gardechoise.fr\/wp-content\/uploads\/2021\/09\/20210502_160627-225x300.jpg 225w, http:\/\/fonderie-gardechoise.fr\/wp-content\/uploads\/2021\/09\/20210502_160627-768x1024.jpg 768w\" sizes=\"(max-width: 1024px) 100vw, 1024px\" \/><figcaption>Le brut de fonderie encore \u00e9quip\u00e9 de ces artifices<\/figcaption><\/figure><\/div>\n\n\n\n<h2>Les r\u00e9parations<\/h2>\n\n\n\n<p>Les trous et autres d\u00e9fauts peuvent \u00eatre r\u00e9par\u00e9s ou rebouch\u00e9s par soudure avec apport de m\u00e9tal.<\/p>\n\n\n\n<div class=\"wp-block-image\"><figure class=\"aligncenter size-large is-resized\"><img src=\"http:\/\/fonderie-gardechoise.fr\/wp-content\/uploads\/2020\/02\/reparations.jpg\" alt=\"\" class=\"wp-image-565\" width=\"400\" srcset=\"http:\/\/fonderie-gardechoise.fr\/wp-content\/uploads\/2020\/02\/reparations.jpg 800w, http:\/\/fonderie-gardechoise.fr\/wp-content\/uploads\/2020\/02\/reparations-295x300.jpg 295w, http:\/\/fonderie-gardechoise.fr\/wp-content\/uploads\/2020\/02\/reparations-768x781.jpg 768w\" sizes=\"(max-width: 800px) 100vw, 800px\" \/><\/figure><\/div>\n\n\n\n<h2>La ciselure<\/h2>\n\n\n\n<p>La ciselure permet de corriger les d\u00e9fauts de surface comme par exemple les emplacements des jets et \u00e9vents. pour la ciselure tout les moyens sont bon. ciseaux, marteaux, abrasifs, outils \u00e9lectriques, pneumatiques, &#8230;.<\/p>\n\n\n\n<div class=\"wp-block-image\"><figure class=\"aligncenter size-large is-resized\"><img src=\"http:\/\/fonderie-gardechoise.fr\/wp-content\/uploads\/2020\/02\/CISELETS.jpg\" alt=\"\" class=\"wp-image-563\" width=\"400\" srcset=\"http:\/\/fonderie-gardechoise.fr\/wp-content\/uploads\/2020\/02\/CISELETS.jpg 446w, http:\/\/fonderie-gardechoise.fr\/wp-content\/uploads\/2020\/02\/CISELETS-300x300.jpg 300w, http:\/\/fonderie-gardechoise.fr\/wp-content\/uploads\/2020\/02\/CISELETS-150x150.jpg 150w\" sizes=\"(max-width: 446px) 100vw, 446px\" \/><\/figure><\/div>\n\n\n\n<h2>La patine<\/h2>\n\n\n\n<p>Derni\u00e8re phase de r\u00e9alisation d&#8217;un bronze d&#8217;art, la patine donne son aspect d\u00e9finitif \u00e0 l\u2019\u0153uvre.<\/p>\n\n\n\n<p>Notre banc de patine permet lorsqu&#8217;il est retourn\u00e9 de servir d&#8217;\u00e9tuve de s\u00e9chage pour la r\u00e9alisation de moules carapaces.<\/p>\n\n\n\n<div class=\"wp-block-image\"><figure class=\"aligncenter size-full is-resized\"><img src=\"http:\/\/fonderie-gardechoise.fr\/wp-content\/uploads\/2021\/09\/20210910_094227.jpg\" alt=\"\" class=\"wp-image-810\" width=\"500\" srcset=\"http:\/\/fonderie-gardechoise.fr\/wp-content\/uploads\/2021\/09\/20210910_094227.jpg 1024w, http:\/\/fonderie-gardechoise.fr\/wp-content\/uploads\/2021\/09\/20210910_094227-300x225.jpg 300w, http:\/\/fonderie-gardechoise.fr\/wp-content\/uploads\/2021\/09\/20210910_094227-768x576.jpg 768w\" sizes=\"(max-width: 1024px) 100vw, 1024px\" \/><figcaption>Notre banc de patine multi fonctions<\/figcaption><\/figure><\/div>\n\n\n\n<div class=\"wp-block-image\"><figure class=\"aligncenter size-full is-resized\"><img src=\"http:\/\/fonderie-gardechoise.fr\/wp-content\/uploads\/2021\/09\/20210513_141337.jpg\" alt=\"\" class=\"wp-image-813\" width=\"500\" srcset=\"http:\/\/fonderie-gardechoise.fr\/wp-content\/uploads\/2021\/09\/20210513_141337.jpg 1024w, http:\/\/fonderie-gardechoise.fr\/wp-content\/uploads\/2021\/09\/20210513_141337-300x225.jpg 300w, http:\/\/fonderie-gardechoise.fr\/wp-content\/uploads\/2021\/09\/20210513_141337-768x576.jpg 768w\" sizes=\"(max-width: 1024px) 100vw, 1024px\" \/><figcaption>Les produits de patine<\/figcaption><\/figure><\/div>\n\n\n\n<div class=\"wp-block-image\"><figure class=\"aligncenter size-large is-resized\"><img src=\"http:\/\/fonderie-gardechoise.fr\/wp-content\/uploads\/2022\/07\/IMG-20220621-WA0002.jpg\" alt=\"\" class=\"wp-image-861\" width=\"500\" srcset=\"http:\/\/fonderie-gardechoise.fr\/wp-content\/uploads\/2022\/07\/IMG-20220621-WA0002.jpg 800w, http:\/\/fonderie-gardechoise.fr\/wp-content\/uploads\/2022\/07\/IMG-20220621-WA0002-240x300.jpg 240w, http:\/\/fonderie-gardechoise.fr\/wp-content\/uploads\/2022\/07\/IMG-20220621-WA0002-768x962.jpg 768w\" sizes=\"(max-width: 800px) 100vw, 800px\" \/><figcaption>Cyril a la patine<\/figcaption><\/figure><\/div>\n\n\n\n<p><\/p>\n","protected":false},"excerpt":{"rendered":"<p>Il existe trois diff\u00e9rentes fa\u00e7ons d&#8217;obtenir un bronze. La fonderie au sable va permettre de reproduire une pi\u00e8ce \u00e0 partir d&#8217;un mod\u00e8le comportant des d\u00e9pouilles importantes. La cire directe est sculpt\u00e9e puis fondue pour obtenir une pi\u00e8ce unique. Enfin les<\/p>\n","protected":false},"author":1,"featured_media":0,"parent":0,"menu_order":0,"comment_status":"closed","ping_status":"closed","template":"","meta":[],"yoast_head":"<!-- This site is optimized with the Yoast SEO plugin v17.1 - https:\/\/yoast.com\/wordpress\/plugins\/seo\/ -->\n<title>Techniques - La Fonderie GArd\u00e9choise<\/title>\n<meta name=\"robots\" content=\"index, follow, max-snippet:-1, max-image-preview:large, max-video-preview:-1\" \/>\n<link rel=\"canonical\" href=\"http:\/\/fonderie-gardechoise.fr\/index.php\/techniques\/\" \/>\n<meta property=\"og:locale\" content=\"en_US\" \/>\n<meta property=\"og:type\" content=\"article\" \/>\n<meta property=\"og:title\" content=\"Techniques - La Fonderie GArd\u00e9choise\" \/>\n<meta property=\"og:description\" content=\"Il existe trois diff\u00e9rentes fa\u00e7ons d&#8217;obtenir un bronze. La fonderie au sable va permettre de reproduire une pi\u00e8ce \u00e0 partir d&#8217;un mod\u00e8le comportant des d\u00e9pouilles importantes. La cire directe est sculpt\u00e9e puis fondue pour obtenir une pi\u00e8ce unique. Enfin les\" \/>\n<meta property=\"og:url\" content=\"http:\/\/fonderie-gardechoise.fr\/index.php\/techniques\/\" \/>\n<meta property=\"og:site_name\" content=\"La Fonderie GArd\u00e9choise\" \/>\n<meta property=\"article:modified_time\" content=\"2022-07-07T12:44:20+00:00\" \/>\n<meta property=\"og:image\" content=\"http:\/\/fonderie-gardechoise.fr\/wp-content\/uploads\/2020\/02\/cheval-chape.jpg\" \/>\n<meta name=\"twitter:card\" content=\"summary_large_image\" \/>\n<meta name=\"twitter:label1\" content=\"Est. reading time\" \/>\n\t<meta name=\"twitter:data1\" content=\"7 minutes\" \/>\n<script type=\"application\/ld+json\" class=\"yoast-schema-graph\">{\"@context\":\"https:\/\/schema.org\",\"@graph\":[{\"@type\":\"WebSite\",\"@id\":\"http:\/\/fonderie-gardechoise.fr\/#website\",\"url\":\"http:\/\/fonderie-gardechoise.fr\/\",\"name\":\"La Fonderie GArd\\u00e9choise\",\"description\":\"Bronzes d&#039;arts\",\"potentialAction\":[{\"@type\":\"SearchAction\",\"target\":{\"@type\":\"EntryPoint\",\"urlTemplate\":\"http:\/\/fonderie-gardechoise.fr\/?s={search_term_string}\"},\"query-input\":\"required name=search_term_string\"}],\"inLanguage\":\"en-US\"},{\"@type\":\"ImageObject\",\"@id\":\"http:\/\/fonderie-gardechoise.fr\/index.php\/techniques\/#primaryimage\",\"inLanguage\":\"en-US\",\"url\":\"http:\/\/fonderie-gardechoise.fr\/wp-content\/uploads\/2020\/02\/cheval-chape.jpg\",\"contentUrl\":\"http:\/\/fonderie-gardechoise.fr\/wp-content\/uploads\/2020\/02\/cheval-chape.jpg\",\"width\":640,\"height\":478},{\"@type\":\"WebPage\",\"@id\":\"http:\/\/fonderie-gardechoise.fr\/index.php\/techniques\/#webpage\",\"url\":\"http:\/\/fonderie-gardechoise.fr\/index.php\/techniques\/\",\"name\":\"Techniques - La Fonderie GArd\\u00e9choise\",\"isPartOf\":{\"@id\":\"http:\/\/fonderie-gardechoise.fr\/#website\"},\"primaryImageOfPage\":{\"@id\":\"http:\/\/fonderie-gardechoise.fr\/index.php\/techniques\/#primaryimage\"},\"datePublished\":\"2020-02-11T13:21:56+00:00\",\"dateModified\":\"2022-07-07T12:44:20+00:00\",\"breadcrumb\":{\"@id\":\"http:\/\/fonderie-gardechoise.fr\/index.php\/techniques\/#breadcrumb\"},\"inLanguage\":\"en-US\",\"potentialAction\":[{\"@type\":\"ReadAction\",\"target\":[\"http:\/\/fonderie-gardechoise.fr\/index.php\/techniques\/\"]}]},{\"@type\":\"BreadcrumbList\",\"@id\":\"http:\/\/fonderie-gardechoise.fr\/index.php\/techniques\/#breadcrumb\",\"itemListElement\":[{\"@type\":\"ListItem\",\"position\":1,\"name\":\"Accueil\",\"item\":\"http:\/\/fonderie-gardechoise.fr\/\"},{\"@type\":\"ListItem\",\"position\":2,\"name\":\"Techniques\"}]}]}<\/script>\n<!-- \/ Yoast SEO plugin. -->","yoast_head_json":{"title":"Techniques - La Fonderie GArd\u00e9choise","robots":{"index":"index","follow":"follow","max-snippet":"max-snippet:-1","max-image-preview":"max-image-preview:large","max-video-preview":"max-video-preview:-1"},"canonical":"http:\/\/fonderie-gardechoise.fr\/index.php\/techniques\/","og_locale":"en_US","og_type":"article","og_title":"Techniques - La Fonderie GArd\u00e9choise","og_description":"Il existe trois diff\u00e9rentes fa\u00e7ons d&#8217;obtenir un bronze. La fonderie au sable va permettre de reproduire une pi\u00e8ce \u00e0 partir d&#8217;un mod\u00e8le comportant des d\u00e9pouilles importantes. La cire directe est sculpt\u00e9e puis fondue pour obtenir une pi\u00e8ce unique. Enfin les","og_url":"http:\/\/fonderie-gardechoise.fr\/index.php\/techniques\/","og_site_name":"La Fonderie GArd\u00e9choise","article_modified_time":"2022-07-07T12:44:20+00:00","og_image":[{"url":"http:\/\/fonderie-gardechoise.fr\/wp-content\/uploads\/2020\/02\/cheval-chape.jpg"}],"twitter_card":"summary_large_image","twitter_misc":{"Est. reading time":"7 minutes"},"schema":{"@context":"https:\/\/schema.org","@graph":[{"@type":"WebSite","@id":"http:\/\/fonderie-gardechoise.fr\/#website","url":"http:\/\/fonderie-gardechoise.fr\/","name":"La Fonderie GArd\u00e9choise","description":"Bronzes d&#039;arts","potentialAction":[{"@type":"SearchAction","target":{"@type":"EntryPoint","urlTemplate":"http:\/\/fonderie-gardechoise.fr\/?s={search_term_string}"},"query-input":"required name=search_term_string"}],"inLanguage":"en-US"},{"@type":"ImageObject","@id":"http:\/\/fonderie-gardechoise.fr\/index.php\/techniques\/#primaryimage","inLanguage":"en-US","url":"http:\/\/fonderie-gardechoise.fr\/wp-content\/uploads\/2020\/02\/cheval-chape.jpg","contentUrl":"http:\/\/fonderie-gardechoise.fr\/wp-content\/uploads\/2020\/02\/cheval-chape.jpg","width":640,"height":478},{"@type":"WebPage","@id":"http:\/\/fonderie-gardechoise.fr\/index.php\/techniques\/#webpage","url":"http:\/\/fonderie-gardechoise.fr\/index.php\/techniques\/","name":"Techniques - La Fonderie GArd\u00e9choise","isPartOf":{"@id":"http:\/\/fonderie-gardechoise.fr\/#website"},"primaryImageOfPage":{"@id":"http:\/\/fonderie-gardechoise.fr\/index.php\/techniques\/#primaryimage"},"datePublished":"2020-02-11T13:21:56+00:00","dateModified":"2022-07-07T12:44:20+00:00","breadcrumb":{"@id":"http:\/\/fonderie-gardechoise.fr\/index.php\/techniques\/#breadcrumb"},"inLanguage":"en-US","potentialAction":[{"@type":"ReadAction","target":["http:\/\/fonderie-gardechoise.fr\/index.php\/techniques\/"]}]},{"@type":"BreadcrumbList","@id":"http:\/\/fonderie-gardechoise.fr\/index.php\/techniques\/#breadcrumb","itemListElement":[{"@type":"ListItem","position":1,"name":"Accueil","item":"http:\/\/fonderie-gardechoise.fr\/"},{"@type":"ListItem","position":2,"name":"Techniques"}]}]}},"_links":{"self":[{"href":"http:\/\/fonderie-gardechoise.fr\/index.php\/wp-json\/wp\/v2\/pages\/506"}],"collection":[{"href":"http:\/\/fonderie-gardechoise.fr\/index.php\/wp-json\/wp\/v2\/pages"}],"about":[{"href":"http:\/\/fonderie-gardechoise.fr\/index.php\/wp-json\/wp\/v2\/types\/page"}],"author":[{"embeddable":true,"href":"http:\/\/fonderie-gardechoise.fr\/index.php\/wp-json\/wp\/v2\/users\/1"}],"replies":[{"embeddable":true,"href":"http:\/\/fonderie-gardechoise.fr\/index.php\/wp-json\/wp\/v2\/comments?post=506"}],"version-history":[{"count":41,"href":"http:\/\/fonderie-gardechoise.fr\/index.php\/wp-json\/wp\/v2\/pages\/506\/revisions"}],"predecessor-version":[{"id":865,"href":"http:\/\/fonderie-gardechoise.fr\/index.php\/wp-json\/wp\/v2\/pages\/506\/revisions\/865"}],"wp:attachment":[{"href":"http:\/\/fonderie-gardechoise.fr\/index.php\/wp-json\/wp\/v2\/media?parent=506"}],"curies":[{"name":"wp","href":"https:\/\/api.w.org\/{rel}","templated":true}]}}